{"id":394,"date":"2025-05-26T15:34:55","date_gmt":"2025-05-26T15:34:55","guid":{"rendered":"http:\/\/proelek.com\/?page_id=394"},"modified":"2025-06-03T14:26:50","modified_gmt":"2025-06-03T14:26:50","slug":"politica-de-privadesa","status":"publish","type":"page","link":"https:\/\/proelek.com\/es\/politica-de-privadesa","title":{"rendered":"Pol\u00edtica de privacidad"},"content":{"rendered":"\n<p>Titularitat del lloc web<\/p>\n\n\n\n<p>En compliment amb el que estableix la Llei 34\/2002, de l\u201911 de juliol, de serveis de la societat de la informaci\u00f3 i de comer\u00e7 electr\u00f2nic (LSSI-CE), s\u2019informa que el present lloc web \u00e9s propietat de:<\/p>\n\n\n\n<p>Nom comercial: PROELEK<\/p>\n\n\n\n<p>Activitat: Reparacions el\u00e8ctriques, fontaneria i instal\u00b7lacions diverses<\/p>\n\n\n\n<p>Tel\u00e8fon: 93 803 26 81 \/ 93 805 49 60<\/p>\n\n\n\n<p>Email: info@proelek.com<\/p>\n\n\n\n<p>Web: www.proelek.com<\/p>\n\n\n\n<p>Domicili social: [Afegir adre\u00e7a f\u00edsica de l\u2019empresa]<\/p>\n\n\n\n<p>NIF\/CIF: [Afegir n\u00famero fiscal]<\/p>\n\n\n\n<p>Condicions d\u2019\u00fas<\/p>\n\n\n\n<p>L\u2019acc\u00e9s i \u00fas d\u2019aquest lloc web atribueix la condici\u00f3 d\u2019usuari i implica l\u2019acceptaci\u00f3 plena i sense reserves de les disposicions incloses en aquest Av\u00eds Legal. L\u2019usuari es compromet a fer un \u00fas adequat dels continguts i serveis que PROELEK ofereix a trav\u00e9s del lloc web i a no utilitzar-los per inc\u00f3rrer en activitats il\u00b7l\u00edcites, il\u00b7legals o contr\u00e0ries a la bona fe i a l\u2019ordre p\u00fablic.<\/p>\n\n\n\n<p>PROELEK es reserva el dret de modificar qualsevol tipus d&#8217;informaci\u00f3 que pugui apar\u00e8ixer en el lloc web, sense obligaci\u00f3 de preavisar o posar en coneixement dels usuaris aquestes modificacions, entenent-se com a suficient la publicaci\u00f3 al lloc web.<\/p>\n\n\n\n<p>Propietat intel\u00b7lectual i industrial<\/p>\n\n\n\n<p>Tots els continguts del lloc web (textos, imatges, logotips, arxius, etc.) s\u00f3n propietat de PROELEK o de tercers, i estan protegits per la normativa de propietat intel\u00b7lectual i industrial. Queda prohibida la reproducci\u00f3, distribuci\u00f3, comunicaci\u00f3 p\u00fablica o transformaci\u00f3, total o parcial, sense l\u2019autoritzaci\u00f3 expressa del titular.<\/p>\n\n\n\n<p>Protecci\u00f3 de dades<\/p>\n\n\n\n<p>PROELEK compleix amb la normativa vigent en mat\u00e8ria de protecci\u00f3 de dades de car\u00e0cter personal (Reglament UE 2016\/679 &#8211; RGPD i Llei Org\u00e0nica 3\/2018 &#8211; LOPDGDD). Les dades personals recollides a trav\u00e9s del lloc web seran tractades de manera l\u00edcita, lleial i transparent, i amb les finalitats leg\u00edtimes que s\u2019indiquin en cada formulari.<\/p>\n\n\n\n<p>L\u2019usuari podr\u00e0 exercir els seus drets d\u2019acc\u00e9s, rectificaci\u00f3, supressi\u00f3, oposici\u00f3, limitaci\u00f3 i portabilitat mitjan\u00e7ant un correu electr\u00f2nic a info@proelek.com, indicant com a assumpte \u201cProtecci\u00f3 de dades\u201d, i adjuntant c\u00f2pia del seu DNI o document identificatiu equivalent.<\/p>\n\n\n\n<p>Responsabilitats<\/p>\n\n\n\n<p>PROELEK no es fa responsable dels danys i perjudicis que es puguin derivar de l\u2019\u00fas indegut dels continguts del lloc web, ni dels possibles errors o omissions que poguessin existir en els continguts. Tampoc garanteix la disponibilitat t\u00e8cnica, fiabilitat, exactitud, ni veracitat de la informaci\u00f3 presentada.<\/p>\n\n\n\n<p>Enlla\u00e7os a tercers<\/p>\n\n\n\n<p>Aquest lloc web pot contenir enlla\u00e7os a llocs web de tercers. PROELEK no es fa responsable del contingut, serveis ni informaci\u00f3 que pugui apar\u00e8ixer en aquests llocs, que tindran el seu propi av\u00eds legal i pol\u00edtica de privacitat.<\/p>\n\n\n\n<p>Legislaci\u00f3 aplicable i jurisdicci\u00f3<\/p>\n\n\n\n<p>Aquest Av\u00eds Legal es regeix per la legislaci\u00f3 espanyola. Per a qualsevol controv\u00e8rsia que pugui derivar-se de l\u2019acc\u00e9s o \u00fas del lloc web, les parts se sotmeten als jutjats i tribunals del domicili de l\u2019usuari, sempre que aquest es trobi a Espanya i actu\u00ef com a consumidor. En cas contrari, les parts se sotmeten als jutjats i tribunals de la ciutat on PROELEK tingui el seu domicili social.<\/p>\n","protected":false},"excerpt":{"rendered":"<p>Titularitat del lloc web En compliment amb el que estableix la Llei 34\/2002, de l\u201911 de juliol, de serveis de la societat de la informaci\u00f3 i de comer\u00e7 electr\u00f2nic (LSSI-CE), s\u2019informa que el present lloc web \u00e9s propietat de: Nom comercial: PROELEK Activitat: Reparacions el\u00e8ctriques, fontaneria i instal\u00b7lacions diverses Tel\u00e8fon: 93 803 26 81 \/ [&hellip;]<\/p>\n","protected":false},"author":2,"featured_media":0,"parent":0,"menu_order":0,"comment_status":"closed","ping_status":"closed","template":"","meta":{"footnotes":""},"class_list":["post-394","page","type-page","status-publish","hentry"],"_links":{"self":[{"href":"https:\/\/proelek.com\/es\/wp-json\/wp\/v2\/pages\/394","targetHints":{"allow":["GET"]}}],"collection":[{"href":"https:\/\/proelek.com\/es\/wp-json\/wp\/v2\/pages"}],"about":[{"href":"https:\/\/proelek.com\/es\/wp-json\/wp\/v2\/types\/page"}],"author":[{"embeddable":true,"href":"https:\/\/proelek.com\/es\/wp-json\/wp\/v2\/users\/2"}],"replies":[{"embeddable":true,"href":"https:\/\/proelek.com\/es\/wp-json\/wp\/v2\/comments?post=394"}],"version-history":[{"count":3,"href":"https:\/\/proelek.com\/es\/wp-json\/wp\/v2\/pages\/394\/revisions"}],"predecessor-version":[{"id":647,"href":"https:\/\/proelek.com\/es\/wp-json\/wp\/v2\/pages\/394\/revisions\/647"}],"wp:attachment":[{"href":"https:\/\/proelek.com\/es\/wp-json\/wp\/v2\/media?parent=394"}],"curies":[{"name":"wp","href":"https:\/\/api.w.org\/{rel}","templated":true}]}}